{"id":289,"date":"2023-05-24T22:19:50","date_gmt":"2023-05-24T20:19:50","guid":{"rendered":"https:\/\/dobra-help.pl\/?page_id=289"},"modified":"2023-06-27T14:55:48","modified_gmt":"2023-06-27T12:55:48","slug":"fuer-unternehmen","status":"publish","type":"page","link":"https:\/\/dobra-help.pl\/de\/fuer-unternehmen\/","title":{"rendered":"F\u00fcr Unternehmen"},"content":{"rendered":"<p>[et_pb_section fb_built=&#8220;1&#8243; custom_padding_last_edited=&#8220;on|phone&#8220; _builder_version=&#8220;4.21.0&#8243; _module_preset=&#8220;default&#8220; background_image=&#8220;https:\/\/dobra-help.pl\/wp-content\/uploads\/2023\/05\/wspolpraca-baner.png&#8220; custom_padding=&#8220;||270px||false|false&#8220; custom_padding_tablet=&#8220;||0px||false|false&#8220; custom_padding_phone=&#8220;||0px||false|false&#8220; background_last_edited=&#8220;on|phone&#8220; background_image_phone=&#8220;https:\/\/dobra-help.pl\/wp-content\/uploads\/2023\/06\/Frame-109.jpg&#8220; background_enable_image_phone=&#8220;on&#8220; global_colors_info=&#8220;{}&#8220;][et_pb_row column_structure=&#8220;3_5,2_5&#8243; _builder_version=&#8220;4.21.0&#8243; _module_preset=&#8220;default&#8220; width=&#8220;100%&#8220; max_width=&#8220;85%&#8220; custom_padding=&#8220;49px|||||&#8220; global_colors_info=&#8220;{}&#8220;][et_pb_column type=&#8220;3_5&#8243; _builder_version=&#8220;4.21.0&#8243; _module_preset=&#8220;default&#8220; global_colors_info=&#8220;{}&#8220;][et_pb_text _builder_version=&#8220;4.21.0&#8243; _module_preset=&#8220;default&#8220; header_font=&#8220;Raleway|700|||||||&#8220; header_text_color=&#8220;gcid-304da569-a3b7-4b7f-b0d0-c1d071f872eb&#8220; header_font_size=&#8220;54px&#8220; header_font_size_tablet=&#8220;40px&#8220; header_font_size_phone=&#8220;26px&#8220; header_font_size_last_edited=&#8220;on|phone&#8220; global_colors_info=&#8220;{%22gcid-304da569-a3b7-4b7f-b0d0-c1d071f872eb%22:%91%22header_text_color%22%93}&#8220;]<\/p>\n<h1>Entscheiden Sie sich f\u00fcr die Zusammenarbeit mit Dobra-Help<\/h1>\n<p>[\/et_pb_text][et_pb_text content_tablet=&#8220;<\/p>\n<p>w\u00e4hlen Sie einen vertrauensw\u00fcrdigen<\/p>\n<p>und Partner<\/p>\n<p>&#8220; content_phone=&#8220;<\/p>\n<p>w\u00e4hlen Sie einen vertrauensw\u00fcrdigen und Partner<\/p>\n<p>&#8220; content_last_edited=&#8220;on|phone&#8220; _builder_version=&#8220;4.21.0&#8243; _module_preset=&#8220;default&#8220; text_font=&#8220;Raleway||||||||&#8220; text_text_color=&#8220;gcid-304da569-a3b7-4b7f-b0d0-c1d071f872eb&#8220; text_font_size=&#8220;32px&#8220; text_font_size_tablet=&#8220;32px&#8220; text_font_size_phone=&#8220;24px&#8220; text_font_size_last_edited=&#8220;on|phone&#8220; global_colors_info=&#8220;{%22gcid-304da569-a3b7-4b7f-b0d0-c1d071f872eb%22:%91%22text_text_color%22%93}&#8220;]<\/p>\n<p>w\u00e4hlen Sie einen vertrauensw\u00fcrdigen<\/p>\n<p>und Partner<\/p>\n<p>[\/et_pb_text][\/et_pb_column][et_pb_column type=&#8220;2_5&#8243; disabled_on=&#8220;on|off|off&#8220; _builder_version=&#8220;4.21.0&#8243; _module_preset=&#8220;default&#8220; global_colors_info=&#8220;{}&#8220;][\/et_pb_column][\/et_pb_row][\/et_pb_section][et_pb_section fb_built=&#8220;1&#8243; _builder_version=&#8220;4.21.0&#8243; _module_preset=&#8220;default&#8220; global_colors_info=&#8220;{}&#8220;][et_pb_row column_structure=&#8220;3_5,2_5&#8243; module_class=&#8220;row-content-align-middle&#8220; _builder_version=&#8220;4.21.0&#8243; _module_preset=&#8220;default&#8220; width=&#8220;100%&#8220; max_width=&#8220;85%&#8220; global_colors_info=&#8220;{}&#8220;][et_pb_column type=&#8220;3_5&#8243; _builder_version=&#8220;4.21.0&#8243; _module_preset=&#8220;default&#8220; global_colors_info=&#8220;{}&#8220;][et_pb_text _builder_version=&#8220;4.21.0&#8243; _module_preset=&#8220;default&#8220; text_font=&#8220;Raleway||||||||&#8220; text_text_color=&#8220;gcid-304da569-a3b7-4b7f-b0d0-c1d071f872eb&#8220; text_font_size=&#8220;20px&#8220; header_2_font=&#8220;Raleway|600|||||||&#8220; header_2_text_color=&#8220;gcid-1a3ea877-b13b-466f-a922-1ecbc4c2c36e&#8220; header_2_font_size=&#8220;32px&#8220; custom_margin=&#8220;50px||||false|false&#8220; custom_margin_tablet=&#8220;0px||||false|false&#8220; custom_margin_phone=&#8220;0px||||false|false&#8220; custom_margin_last_edited=&#8220;on|phone&#8220; custom_padding=&#8220;|130px||130px|false|true&#8220; custom_padding_tablet=&#8220;|0px||0px|false|true&#8220; custom_padding_phone=&#8220;|0px||0px|false|true&#8220; custom_padding_last_edited=&#8220;on|phone&#8220; text_font_size_tablet=&#8220;20px&#8220; text_font_size_phone=&#8220;18px&#8220; text_font_size_last_edited=&#8220;on|phone&#8220; header_2_font_size_tablet=&#8220;32px&#8220; header_2_font_size_phone=&#8220;22px&#8220; header_2_font_size_last_edited=&#8220;on|phone&#8220; global_colors_info=&#8220;{%22gcid-1a3ea877-b13b-466f-a922-1ecbc4c2c36e%22:%91%22header_2_text_color%22%93,%22gcid-304da569-a3b7-4b7f-b0d0-c1d071f872eb%22:%91%22text_text_color%22%93}&#8220;]<\/p>\n<h2>Firma Dobra-Help Sp. z o.o.<\/h2>\n<p><strong>ist Ihr Partner f\u00fcr die Besch\u00e4ftigung von Betreuern oder Haushaltshilfen aus Polen auf legaler Basis und zu fairen Preisen<\/strong>. Wir sind eine Alternative zur station\u00e4ren Pflege.<\/p>\n<p>Durch unsere Betreuer m\u00f6chten wir Ihren Angeh\u00f6rigen die M\u00f6glichkeit bieten, in ihrem eigenen Zuhause zu altern und sich dabei wohl zu f\u00fchlen.<\/p>\n<p><strong>Wenn Sie sich f\u00fcr Dobra-Help Sp. z o.o. entscheiden, w\u00e4hlen Sie einen vertrauensw\u00fcrdigen und freundlichen Partner<\/strong>. Unser Unternehmen ist im Nationalen Register der Arbeitsagenturen (KRAZ) unter der Nummer 29688 registriert.<\/p>\n<p>Unser Personal wird im Rahmen der freien Erbringung von Dienstleistungen innerhalb der Europ\u00e4ischen Union nach Deutschland entsandt.<\/p>\n<p>Unsere Betreuer, Haushaltshilfen und Pflegekr\u00e4fte sind bei uns auf der Grundlage legaler Arbeitsvertr\u00e4ge angestellt, was durch das Formular E 101\/A1 des ZUS (Polnisches Sozialversicherungsinstitut) best\u00e4tigt werden kann.<\/p>\n<p>Dar\u00fcber hinaus besitzen unsere Mitarbeiter die Europ\u00e4ische Krankenversicherungskarte (EKUZ) des NFZ, die der deutschen Krankenversicherungskarte gleichwertig ist.<\/p>\n<p>[\/et_pb_text][\/et_pb_column][et_pb_column type=&#8220;2_5&#8243; _builder_version=&#8220;4.21.0&#8243; _module_preset=&#8220;default&#8220; global_colors_info=&#8220;{}&#8220;][et_pb_image src=&#8220;https:\/\/dobra-help.pl\/wp-content\/uploads\/2023\/05\/Frame-57-2.jpg&#8220; title_text=&#8220;Frame 57 (2)&#8220; disabled_on=&#8220;on|on|off&#8220; _builder_version=&#8220;4.21.0&#8243; _module_preset=&#8220;default&#8220; global_colors_info=&#8220;{}&#8220;][\/et_pb_image][\/et_pb_column][\/et_pb_row][\/et_pb_section][et_pb_section fb_built=&#8220;1&#8243; specialty=&#8220;on&#8220; _builder_version=&#8220;4.21.0&#8243; _module_preset=&#8220;default&#8220; width=&#8220;100%&#8220; max_width=&#8220;100%&#8220; inner_max_width=&#8220;100%&#8220; locked=&#8220;off&#8220; global_colors_info=&#8220;{}&#8220;][et_pb_column type=&#8220;1_2&#8243; _builder_version=&#8220;4.16&#8243; custom_padding=&#8220;|||&#8220; global_colors_info=&#8220;{}&#8220; custom_padding__hover=&#8220;|||&#8220;][et_pb_image src=&#8220;https:\/\/dobra-help.pl\/wp-content\/uploads\/2023\/05\/foto-kontakt2.jpg&#8220; title_text=&#8220;foto kontakt2&#8243; force_fullwidth=&#8220;on&#8220; _builder_version=&#8220;4.21.0&#8243; _module_preset=&#8220;default&#8220; global_colors_info=&#8220;{}&#8220;][\/et_pb_image][\/et_pb_column][et_pb_column type=&#8220;1_2&#8243; specialty_columns=&#8220;2&#8243; _builder_version=&#8220;4.16&#8243; custom_padding=&#8220;|||&#8220; global_colors_info=&#8220;{}&#8220; custom_padding__hover=&#8220;|||&#8220;][et_pb_row_inner module_class=&#8220;skontatkuj_sie_title&#8220; _builder_version=&#8220;4.21.0&#8243; _module_preset=&#8220;default&#8220; custom_margin_tablet=&#8220;0px||||false|false&#8220; custom_margin_phone=&#8220;0px||||false|false&#8220; custom_margin_last_edited=&#8220;on|phone&#8220; global_colors_info=&#8220;{}&#8220;][et_pb_column_inner saved_specialty_column_type=&#8220;1_2&#8243; _builder_version=&#8220;4.21.0&#8243; _module_preset=&#8220;default&#8220; global_colors_info=&#8220;{}&#8220;][et_pb_text _builder_version=&#8220;4.21.0&#8243; _module_preset=&#8220;default&#8220; header_font=&#8220;Raleway|800|||||||&#8220; header_2_font=&#8220;Raleway|700|||||||&#8220; header_2_text_align=&#8220;left&#8220; header_2_text_color=&#8220;gcid-304da569-a3b7-4b7f-b0d0-c1d071f872eb&#8220; header_2_font_size=&#8220;40px&#8220; header_2_line_height=&#8220;60px&#8220; header_2_font_size_tablet=&#8220;40px&#8220; header_2_font_size_phone=&#8220;31px&#8220; header_2_font_size_last_edited=&#8220;on|phone&#8220; global_colors_info=&#8220;{%22gcid-304da569-a3b7-4b7f-b0d0-c1d071f872eb%22:%91%22header_2_text_color%22%93}&#8220;]<\/p>\n<h2>Nehmen Sie Kontakt mit uns auf<\/h2>\n<p>[\/et_pb_text][\/et_pb_column_inner][\/et_pb_row_inner][et_pb_row_inner column_structure=&#8220;1_2,1_2&#8243; _builder_version=&#8220;4.21.0&#8243; _module_preset=&#8220;default&#8220; width=&#8220;85%&#8220; max_width=&#8220;90%&#8220; global_colors_info=&#8220;{}&#8220;][et_pb_column_inner type=&#8220;1_2&#8243; saved_specialty_column_type=&#8220;1_2&#8243; _builder_version=&#8220;4.21.0&#8243; _module_preset=&#8220;default&#8220; global_colors_info=&#8220;{}&#8220;][et_pb_text _builder_version=&#8220;4.21.0&#8243; _module_preset=&#8220;default&#8220; text_font=&#8220;Raleway||||||||&#8220; text_text_color=&#8220;gcid-304da569-a3b7-4b7f-b0d0-c1d071f872eb&#8220; text_font_size=&#8220;20px&#8220; text_line_height=&#8220;22px&#8220; global_colors_info=&#8220;{%22gcid-304da569-a3b7-4b7f-b0d0-c1d071f872eb%22:%91%22text_text_color%22%93}&#8220;]<\/p>\n<p>Telefonisch:<\/p>\n<p>[\/et_pb_text][et_pb_text module_class=&#8220;green_gradient skontaktujsie_tel&#8220; _builder_version=&#8220;4.21.0&#8243; _module_preset=&#8220;default&#8220; text_font=&#8220;Raleway||||||||&#8220; text_text_color=&#8220;gcid-304da569-a3b7-4b7f-b0d0-c1d071f872eb&#8220; text_font_size=&#8220;20px&#8220; text_line_height=&#8220;22px&#8220; link_font=&#8220;Raleway||||||||&#8220; link_text_color=&#8220;gcid-304da569-a3b7-4b7f-b0d0-c1d071f872eb&#8220; link_font_size=&#8220;20px&#8220; global_colors_info=&#8220;{%22gcid-304da569-a3b7-4b7f-b0d0-c1d071f872eb%22:%91%22text_text_color%22,%22link_text_color%22%93}&#8220;]<\/p>\n<p><a href=\"tel:+48514746777\" target=\"_blank\" rel=\"noopener\">514 746 777<\/a><\/p>\n<p>[\/et_pb_text][\/et_pb_column_inner][et_pb_column_inner type=&#8220;1_2&#8243; saved_specialty_column_type=&#8220;1_2&#8243; _builder_version=&#8220;4.21.0&#8243; _module_preset=&#8220;default&#8220; custom_padding=&#8220;||||false|false&#8220; custom_css_main_element=&#8220;margin-left:-130px;&#8220; global_colors_info=&#8220;{}&#8220;][et_pb_text _builder_version=&#8220;4.21.0&#8243; _module_preset=&#8220;default&#8220; text_font=&#8220;Raleway||||||||&#8220; text_text_color=&#8220;gcid-304da569-a3b7-4b7f-b0d0-c1d071f872eb&#8220; text_font_size=&#8220;20px&#8220; text_line_height=&#8220;22px&#8220; custom_margin=&#8220;||||false|false&#8220; global_colors_info=&#8220;{%22gcid-304da569-a3b7-4b7f-b0d0-c1d071f872eb%22:%91%22text_text_color%22%93}&#8220;]<\/p>\n<p>Per E-Mail:<\/p>\n<p>[\/et_pb_text][et_pb_text module_class=&#8220;green_gradient skontaktujsie_mail&#8220; _builder_version=&#8220;4.21.0&#8243; _module_preset=&#8220;default&#8220; text_font=&#8220;Raleway||||||||&#8220; text_text_color=&#8220;gcid-304da569-a3b7-4b7f-b0d0-c1d071f872eb&#8220; text_font_size=&#8220;20px&#8220; text_line_height=&#8220;22px&#8220; link_font=&#8220;Raleway||||on||||&#8220; link_text_color=&#8220;gcid-304da569-a3b7-4b7f-b0d0-c1d071f872eb&#8220; link_font_size=&#8220;20px&#8220; locked=&#8220;off&#8220; global_colors_info=&#8220;{%22gcid-304da569-a3b7-4b7f-b0d0-c1d071f872eb%22:%91%22text_text_color%22,%22link_text_color%22%93}&#8220;]<\/p>\n<p><a href=\"mailto:biuro@dobra-help.pl\">biuro@dobra-help.pl<\/a><\/p>\n<p>[\/et_pb_text][et_pb_text module_class=&#8220;green_gradient skontaktujsie_mail&#8220; _builder_version=&#8220;4.21.0&#8243; _module_preset=&#8220;default&#8220; text_font=&#8220;Raleway||||||||&#8220; text_text_color=&#8220;gcid-304da569-a3b7-4b7f-b0d0-c1d071f872eb&#8220; text_font_size=&#8220;20px&#8220; text_line_height=&#8220;22px&#8220; link_font=&#8220;Raleway||||on||||&#8220; link_text_color=&#8220;gcid-304da569-a3b7-4b7f-b0d0-c1d071f872eb&#8220; link_font_size=&#8220;20px&#8220; locked=&#8220;off&#8220; global_colors_info=&#8220;{%22gcid-304da569-a3b7-4b7f-b0d0-c1d071f872eb%22:%91%22text_text_color%22,%22link_text_color%22%93}&#8220;]<\/p>\n<p><a href=\"mailto:g.kuszewska@dobra-help.pl\" target=\"_blank\" rel=\"noopener\">g.kuszewska@dobra-help.pl<\/a><\/p>\n<p>[\/et_pb_text][\/et_pb_column_inner][\/et_pb_row_inner][\/et_pb_column][\/et_pb_section][et_pb_section fb_built=&#8220;1&#8243; _builder_version=&#8220;4.21.0&#8243; _module_preset=&#8220;default&#8220; background_color=&#8220;#f6f6f6&#8243; hover_enabled=&#8220;0&#8243; global_colors_info=&#8220;{}&#8220; disabled_on=&#8220;on|on|on&#8220; disabled=&#8220;on&#8220; sticky_enabled=&#8220;0&#8243;][et_pb_row _builder_version=&#8220;4.21.0&#8243; _module_preset=&#8220;default&#8220; global_colors_info=&#8220;{}&#8220;][et_pb_column type=&#8220;4_4&#8243; _builder_version=&#8220;4.21.0&#8243; _module_preset=&#8220;default&#8220; global_colors_info=&#8220;{}&#8220;][et_pb_text _builder_version=&#8220;4.21.0&#8243; _module_preset=&#8220;default&#8220; header_font=&#8220;Raleway|800|||||||&#8220; header_2_font=&#8220;Raleway|700|||||||&#8220; header_2_text_align=&#8220;center&#8220; header_2_text_color=&#8220;gcid-304da569-a3b7-4b7f-b0d0-c1d071f872eb&#8220; header_2_font_size=&#8220;40px&#8220; header_2_line_height=&#8220;60px&#8220; header_2_font_size_tablet=&#8220;40px&#8220; header_2_font_size_phone=&#8220;31px&#8220; header_2_font_size_last_edited=&#8220;on|phone&#8220; global_colors_info=&#8220;{%22gcid-304da569-a3b7-4b7f-b0d0-c1d071f872eb%22:%91%22header_2_text_color%22%93}&#8220;]<\/p>\n<h2>Gesch\u00e4ftspartner<\/h2>\n<p>[\/et_pb_text][\/et_pb_column][\/et_pb_row][\/et_pb_section]<\/p>\n","protected":false},"excerpt":{"rendered":"<p>Entscheiden Sie sich f\u00fcr die Zusammenarbeit mit Dobra-Helpw\u00e4hlen Sie einen vertrauensw\u00fcrdigen und PartnerFirma Dobra-Help Sp. z o.o. ist Ihr Partner f\u00fcr die Besch\u00e4ftigung von Betreuern oder Haushaltshilfen aus Polen auf legaler Basis und zu fairen Preisen. Wir sind eine Alternative zur station\u00e4ren Pflege. Durch unsere Betreuer m\u00f6chten wir Ihren Angeh\u00f6rigen die M\u00f6glichkeit bieten, in ihrem [&hellip;]<\/p>\n","protected":false},"author":1,"featured_media":0,"parent":0,"menu_order":0,"comment_status":"closed","ping_status":"closed","template":"","meta":{"_et_pb_use_builder":"on","_et_pb_old_content":"<!-- wp:divi\/placeholder \/-->","_et_gb_content_width":"","footnotes":""},"class_list":["post-289","page","type-page","status-publish","hentry"],"yoast_head":"<!-- This site is optimized with the Yoast SEO plugin v20.9 - https:\/\/yoast.com\/wordpress\/plugins\/seo\/ -->\n<title>F\u00fcr Unternehmen - dobra-help<\/title>\n<meta name=\"robots\" content=\"index, follow, max-snippet:-1, max-image-preview:large, max-video-preview:-1\" \/>\n<link rel=\"canonical\" href=\"https:\/\/dobra-help.pl\/dla-firm\/\" \/>\n<meta property=\"og:locale\" content=\"de_DE\" \/>\n<meta property=\"og:type\" content=\"article\" \/>\n<meta property=\"og:title\" content=\"F\u00fcr Unternehmen - dobra-help\" \/>\n<meta property=\"og:description\" content=\"Entscheiden Sie sich f\u00fcr die Zusammenarbeit mit Dobra-Helpw\u00e4hlen Sie einen vertrauensw\u00fcrdigen und PartnerFirma Dobra-Help Sp. z o.o. ist Ihr Partner f\u00fcr die Besch\u00e4ftigung von Betreuern oder Haushaltshilfen aus Polen auf legaler Basis und zu fairen Preisen. Wir sind eine Alternative zur station\u00e4ren Pflege. Durch unsere Betreuer m\u00f6chten wir Ihren Angeh\u00f6rigen die M\u00f6glichkeit bieten, in ihrem [&hellip;]\" \/>\n<meta property=\"og:url\" content=\"https:\/\/dobra-help.pl\/dla-firm\/\" \/>\n<meta property=\"og:site_name\" content=\"dobra-help\" \/>\n<meta property=\"article:modified_time\" content=\"2023-06-27T12:55:48+00:00\" \/>\n<meta name=\"twitter:card\" content=\"summary_large_image\" \/>\n<meta name=\"twitter:label1\" content=\"Gesch\u00e4tzte Lesezeit\" \/>\n\t<meta name=\"twitter:data1\" content=\"8\u00a0Minuten\" \/>\n<script type=\"application\/ld+json\" class=\"yoast-schema-graph\">{\"@context\":\"https:\/\/schema.org\",\"@graph\":[{\"@type\":\"WebPage\",\"@id\":\"https:\/\/dobra-help.pl\/dla-firm\/\",\"url\":\"https:\/\/dobra-help.pl\/dla-firm\/\",\"name\":\"F\u00fcr Unternehmen - dobra-help\",\"isPartOf\":{\"@id\":\"https:\/\/dobra-help.pl\/#website\"},\"datePublished\":\"2023-05-24T20:19:50+00:00\",\"dateModified\":\"2023-06-27T12:55:48+00:00\",\"breadcrumb\":{\"@id\":\"https:\/\/dobra-help.pl\/dla-firm\/#breadcrumb\"},\"inLanguage\":\"de\",\"potentialAction\":[{\"@type\":\"ReadAction\",\"target\":[\"https:\/\/dobra-help.pl\/dla-firm\/\"]}]},{\"@type\":\"BreadcrumbList\",\"@id\":\"https:\/\/dobra-help.pl\/dla-firm\/#breadcrumb\",\"itemListElement\":[{\"@type\":\"ListItem\",\"position\":1,\"name\":\"Strona g\u0142\u00f3wna\",\"item\":\"https:\/\/dobra-help.pl\/\"},{\"@type\":\"ListItem\",\"position\":2,\"name\":\"F\u00fcr Unternehmen\"}]},{\"@type\":\"WebSite\",\"@id\":\"https:\/\/dobra-help.pl\/#website\",\"url\":\"https:\/\/dobra-help.pl\/\",\"name\":\"dobra-help\",\"description\":\"\",\"publisher\":{\"@id\":\"https:\/\/dobra-help.pl\/#organization\"},\"potentialAction\":[{\"@type\":\"SearchAction\",\"target\":{\"@type\":\"EntryPoint\",\"urlTemplate\":\"https:\/\/dobra-help.pl\/?s={search_term_string}\"},\"query-input\":\"required name=search_term_string\"}],\"inLanguage\":\"de\"},{\"@type\":\"Organization\",\"@id\":\"https:\/\/dobra-help.pl\/#organization\",\"name\":\"dobra-help\",\"url\":\"https:\/\/dobra-help.pl\/\",\"logo\":{\"@type\":\"ImageObject\",\"inLanguage\":\"de\",\"@id\":\"https:\/\/dobra-help.pl\/#\/schema\/logo\/image\/\",\"url\":\"https:\/\/dobra-help.pl\/wp-content\/uploads\/2023\/05\/Zasob-1@2x-2.png\",\"contentUrl\":\"https:\/\/dobra-help.pl\/wp-content\/uploads\/2023\/05\/Zasob-1@2x-2.png\",\"width\":690,\"height\":705,\"caption\":\"dobra-help\"},\"image\":{\"@id\":\"https:\/\/dobra-help.pl\/#\/schema\/logo\/image\/\"}}]}<\/script>\n<!-- \/ Yoast SEO plugin. -->","yoast_head_json":{"title":"F\u00fcr Unternehmen - dobra-help","robots":{"index":"index","follow":"follow","max-snippet":"max-snippet:-1","max-image-preview":"max-image-preview:large","max-video-preview":"max-video-preview:-1"},"canonical":"https:\/\/dobra-help.pl\/dla-firm\/","og_locale":"de_DE","og_type":"article","og_title":"F\u00fcr Unternehmen - dobra-help","og_description":"Entscheiden Sie sich f\u00fcr die Zusammenarbeit mit Dobra-Helpw\u00e4hlen Sie einen vertrauensw\u00fcrdigen und PartnerFirma Dobra-Help Sp. z o.o. ist Ihr Partner f\u00fcr die Besch\u00e4ftigung von Betreuern oder Haushaltshilfen aus Polen auf legaler Basis und zu fairen Preisen. Wir sind eine Alternative zur station\u00e4ren Pflege. Durch unsere Betreuer m\u00f6chten wir Ihren Angeh\u00f6rigen die M\u00f6glichkeit bieten, in ihrem [&hellip;]","og_url":"https:\/\/dobra-help.pl\/dla-firm\/","og_site_name":"dobra-help","article_modified_time":"2023-06-27T12:55:48+00:00","twitter_card":"summary_large_image","twitter_misc":{"Gesch\u00e4tzte Lesezeit":"8\u00a0Minuten"},"schema":{"@context":"https:\/\/schema.org","@graph":[{"@type":"WebPage","@id":"https:\/\/dobra-help.pl\/dla-firm\/","url":"https:\/\/dobra-help.pl\/dla-firm\/","name":"F\u00fcr Unternehmen - dobra-help","isPartOf":{"@id":"https:\/\/dobra-help.pl\/#website"},"datePublished":"2023-05-24T20:19:50+00:00","dateModified":"2023-06-27T12:55:48+00:00","breadcrumb":{"@id":"https:\/\/dobra-help.pl\/dla-firm\/#breadcrumb"},"inLanguage":"de","potentialAction":[{"@type":"ReadAction","target":["https:\/\/dobra-help.pl\/dla-firm\/"]}]},{"@type":"BreadcrumbList","@id":"https:\/\/dobra-help.pl\/dla-firm\/#breadcrumb","itemListElement":[{"@type":"ListItem","position":1,"name":"Strona g\u0142\u00f3wna","item":"https:\/\/dobra-help.pl\/"},{"@type":"ListItem","position":2,"name":"F\u00fcr Unternehmen"}]},{"@type":"WebSite","@id":"https:\/\/dobra-help.pl\/#website","url":"https:\/\/dobra-help.pl\/","name":"dobra-help","description":"","publisher":{"@id":"https:\/\/dobra-help.pl\/#organization"},"potentialAction":[{"@type":"SearchAction","target":{"@type":"EntryPoint","urlTemplate":"https:\/\/dobra-help.pl\/?s={search_term_string}"},"query-input":"required name=search_term_string"}],"inLanguage":"de"},{"@type":"Organization","@id":"https:\/\/dobra-help.pl\/#organization","name":"dobra-help","url":"https:\/\/dobra-help.pl\/","logo":{"@type":"ImageObject","inLanguage":"de","@id":"https:\/\/dobra-help.pl\/#\/schema\/logo\/image\/","url":"https:\/\/dobra-help.pl\/wp-content\/uploads\/2023\/05\/Zasob-1@2x-2.png","contentUrl":"https:\/\/dobra-help.pl\/wp-content\/uploads\/2023\/05\/Zasob-1@2x-2.png","width":690,"height":705,"caption":"dobra-help"},"image":{"@id":"https:\/\/dobra-help.pl\/#\/schema\/logo\/image\/"}}]}},"_links":{"self":[{"href":"https:\/\/dobra-help.pl\/de\/wp-json\/wp\/v2\/pages\/289","targetHints":{"allow":["GET"]}}],"collection":[{"href":"https:\/\/dobra-help.pl\/de\/wp-json\/wp\/v2\/pages"}],"about":[{"href":"https:\/\/dobra-help.pl\/de\/wp-json\/wp\/v2\/types\/page"}],"author":[{"embeddable":true,"href":"https:\/\/dobra-help.pl\/de\/wp-json\/wp\/v2\/users\/1"}],"replies":[{"embeddable":true,"href":"https:\/\/dobra-help.pl\/de\/wp-json\/wp\/v2\/comments?post=289"}],"version-history":[{"count":6,"href":"https:\/\/dobra-help.pl\/de\/wp-json\/wp\/v2\/pages\/289\/revisions"}],"predecessor-version":[{"id":954,"href":"https:\/\/dobra-help.pl\/de\/wp-json\/wp\/v2\/pages\/289\/revisions\/954"}],"wp:attachment":[{"href":"https:\/\/dobra-help.pl\/de\/wp-json\/wp\/v2\/media?parent=289"}],"curies":[{"name":"wp","href":"https:\/\/api.w.org\/{rel}","templated":true}]}}