{"id":285,"date":"2023-05-31T20:18:29","date_gmt":"2023-05-31T18:18:29","guid":{"rendered":"https:\/\/dobra-help.pl\/?page_id=285"},"modified":"2023-06-27T14:59:22","modified_gmt":"2023-06-27T12:59:22","slug":"zusammenarbeit","status":"publish","type":"page","link":"https:\/\/dobra-help.pl\/de\/","title":{"rendered":"Zusammenarbeit"},"content":{"rendered":"<p>[et_pb_section fb_built=&#8220;1&#8243; custom_padding_last_edited=&#8220;on|phone&#8220; _builder_version=&#8220;4.21.0&#8243; _module_preset=&#8220;default&#8220; background_image=&#8220;https:\/\/dobra-help.pl\/wp-content\/uploads\/2023\/05\/home-baner.png&#8220; custom_padding=&#8220;||270px||false|false&#8220; custom_padding_tablet=&#8220;||0px||false|false&#8220; custom_padding_phone=&#8220;||0px||false|false&#8220; background_last_edited=&#8220;on|phone&#8220; background_image_phone=&#8220;https:\/\/dobra-help.pl\/wp-content\/uploads\/2023\/06\/Frame-107.jpg&#8220; background_enable_image_phone=&#8220;on&#8220; global_colors_info=&#8220;{}&#8220;][et_pb_row column_structure=&#8220;3_5,2_5&#8243; custom_padding_last_edited=&#8220;on|phone&#8220; disabled_on=&#8220;off|off|off&#8220; _builder_version=&#8220;4.21.0&#8243; _module_preset=&#8220;default&#8220; width=&#8220;100%&#8220; max_width=&#8220;85%&#8220; custom_margin_tablet=&#8220;&#8220; custom_margin_phone=&#8220;||||false|false&#8220; custom_margin_last_edited=&#8220;on|phone&#8220; custom_padding=&#8220;49px|||||&#8220; custom_padding_tablet=&#8220;49px|||||&#8220; custom_padding_phone=&#8220;0px||||false|false&#8220; global_colors_info=&#8220;{}&#8220;][et_pb_column type=&#8220;3_5&#8243; _builder_version=&#8220;4.21.0&#8243; _module_preset=&#8220;default&#8220; global_colors_info=&#8220;{}&#8220;][et_pb_text _builder_version=&#8220;4.21.0&#8243; _module_preset=&#8220;default&#8220; header_font=&#8220;Raleway|700|||||||&#8220; header_text_color=&#8220;gcid-304da569-a3b7-4b7f-b0d0-c1d071f872eb&#8220; header_font_size=&#8220;54px&#8220; header_font_size_tablet=&#8220;40px&#8220; header_font_size_phone=&#8220;26px&#8220; header_font_size_last_edited=&#8220;on|phone&#8220; global_colors_info=&#8220;{%22gcid-304da569-a3b7-4b7f-b0d0-c1d071f872eb%22:%91%22header_text_color%22%93}&#8220;]<\/p>\n<h1>Zusammenarbeit<\/h1>\n<p>[\/et_pb_text][et_pb_text _builder_version=&#8220;4.21.0&#8243; _module_preset=&#8220;default&#8220; text_font=&#8220;Raleway||||||||&#8220; text_text_color=&#8220;gcid-304da569-a3b7-4b7f-b0d0-c1d071f872eb&#8220; text_font_size=&#8220;32px&#8220; text_font_size_tablet=&#8220;32px&#8220; text_font_size_phone=&#8220;24px&#8220; text_font_size_last_edited=&#8220;on|phone&#8220; global_colors_info=&#8220;{%22gcid-304da569-a3b7-4b7f-b0d0-c1d071f872eb%22:%91%22text_text_color%22%93}&#8220;]<\/p>\n<p>Vielen Dank f\u00fcr Ihr Interesse an der<\/p>\n<p>Zusammenarbeit mit uns<\/p>\n<p>[\/et_pb_text][\/et_pb_column][et_pb_column type=&#8220;2_5&#8243; disabled_on=&#8220;on|off|off&#8220; _builder_version=&#8220;4.21.0&#8243; _module_preset=&#8220;default&#8220; global_colors_info=&#8220;{}&#8220;][\/et_pb_column][\/et_pb_row][\/et_pb_section][et_pb_section fb_built=&#8220;1&#8243; _builder_version=&#8220;4.21.0&#8243; _module_preset=&#8220;default&#8220; global_colors_info=&#8220;{}&#8220;][et_pb_row column_structure=&#8220;3_5,2_5&#8243; module_class=&#8220;row-content-align-middle&#8220; _builder_version=&#8220;4.21.0&#8243; _module_preset=&#8220;default&#8220; width=&#8220;100%&#8220; max_width=&#8220;85%&#8220; global_colors_info=&#8220;{}&#8220;][et_pb_column type=&#8220;3_5&#8243; _builder_version=&#8220;4.21.0&#8243; _module_preset=&#8220;default&#8220; global_colors_info=&#8220;{}&#8220;][et_pb_text _builder_version=&#8220;4.21.0&#8243; _module_preset=&#8220;default&#8220; text_font=&#8220;Raleway||||||||&#8220; text_text_color=&#8220;gcid-304da569-a3b7-4b7f-b0d0-c1d071f872eb&#8220; text_font_size=&#8220;20px&#8220; header_2_font=&#8220;Raleway|600|||||||&#8220; header_2_text_color=&#8220;gcid-1a3ea877-b13b-466f-a922-1ecbc4c2c36e&#8220; header_2_font_size=&#8220;32px&#8220; header_6_font=&#8220;Raleway|600|||||||&#8220; header_6_text_color=&#8220;gcid-1a3ea877-b13b-466f-a922-1ecbc4c2c36e&#8220; header_6_font_size=&#8220;20px&#8220; custom_margin=&#8220;50px||||false|false&#8220; custom_margin_tablet=&#8220;0px||||false|false&#8220; custom_margin_phone=&#8220;0px||||false|false&#8220; custom_margin_last_edited=&#8220;on|phone&#8220; custom_padding=&#8220;|130px||130px|false|true&#8220; custom_padding_tablet=&#8220;|0px||0px|false|true&#8220; custom_padding_phone=&#8220;|0px||0px|false|true&#8220; custom_padding_last_edited=&#8220;on|phone&#8220; text_font_size_tablet=&#8220;20px&#8220; text_font_size_phone=&#8220;18px&#8220; text_font_size_last_edited=&#8220;on|phone&#8220; global_colors_info=&#8220;{%22gcid-1a3ea877-b13b-466f-a922-1ecbc4c2c36e%22:%91%22header_2_text_color%22,%22header_6_text_color%22%93,%22gcid-304da569-a3b7-4b7f-b0d0-c1d071f872eb%22:%91%22text_text_color%22%93}&#8220;]<\/p>\n<p>Vielen Dank f\u00fcr Ihr Interesse an den Dienstleistungen des Dobra-Help-Teams. Wir sind bereit, uns an Ihre individuellen Bed\u00fcrfnisse anzupassen und Unterst\u00fctzung bei den t\u00e4glichen Aufgaben anzubieten, die Sie nicht mehr selbstst\u00e4ndig erledigen k\u00f6nnen.<\/p>\n<p data-pm-slice=\"1 1 []\">Unsere qualifizierten Betreuungskr\u00e4fte sind fest angestellt und verf\u00fcgen \u00fcber eine legale Sozialversicherung. Wir bieten ein breites Spektrum an Dienstleistungen, die t\u00e4gliche Haushaltspflichten wie Eink\u00e4ufe, Kochen, Waschen, B\u00fcgeln, Haustierbetreuung, Gartenpflege und Pflanzenpflege umfassen. Unser Personal kann Ihnen auch bei Aktivit\u00e4ten wie Ankleiden, Unterst\u00fctzung beim Gehen, Stehen, Treppensteigen, Ein- und Aussteigen<br \/>aus der Wohnung sowie bei therapeutischen Ma\u00dfnahmen und korrekter K\u00f6rperpositionierung helfen.<\/p>\n<p>Dank unserer polnischen medizinischen Betreuer und Betreuerinnen k\u00f6nnen wir einf\u00fchlsame und zug\u00e4ngliche Pflege anbieten, die auf Ihre Bed\u00fcrfnisse zugeschnitten ist. Unser Personal ist hochqualifiziert und motiviert, um au\u00dfergew\u00f6hnliche Betreuung f\u00fcr \u00e4ltere und bed\u00fcrftige Personen zu gew\u00e4hrleisten. Unsere Betreuer sind gr\u00fcndlich, energisch, flei\u00dfig und freundlich gegen\u00fcber Menschen, die rund um die Uhr Pflege ben\u00f6tigen. Sie unterst\u00fctzen professionell bei t\u00e4glichen Aufgaben wie Eink\u00e4ufen, Hausarbeiten, K\u00f6rperpflege, Ern\u00e4hrung und Mobilit\u00e4t.<\/p>\n<p>Unsere Betreuer, die rund um die Uhr Unterst\u00fctzung anbieten, verf\u00fcgen<br \/>bereits \u00fcber Deutschkenntnisse und haben Erfahrung in der Hilfe bei t\u00e4glichen Hausarbeiten. Wir bieten Betreuung auf verschiedenen Ebenen, von grundlegender Betreuung, die sich um das Wohl des Mitmenschen k\u00fcmmert, bis hin zu spezialisierten Pflege- und Sprachf\u00e4higkeiten.<\/p>\n<p>Wir legen auch gro\u00dfen Wert auf die kontinuierliche Weiterbildung unseres Personals, um ein hohes Kompetenzniveau unserer Mitarbeiter sicherzustellen.<\/p>\n<p>&nbsp;<\/p>\n<h6>Wenn wir Ihnen in irgendetwas behilflich sein k\u00f6nnen, kontaktieren Sie uns bitte.<\/h6>\n<p>[\/et_pb_text][\/et_pb_column][et_pb_column type=&#8220;2_5&#8243; _builder_version=&#8220;4.21.0&#8243; _module_preset=&#8220;default&#8220; global_colors_info=&#8220;{}&#8220;][et_pb_image src=&#8220;https:\/\/dobra-help.pl\/wp-content\/uploads\/2023\/05\/Frame-58.jpg&#8220; title_text=&#8220;Frame 58&#8243; disabled_on=&#8220;on|on|off&#8220; _builder_version=&#8220;4.21.0&#8243; _module_preset=&#8220;default&#8220; custom_margin=&#8220;51px|||||&#8220; global_colors_info=&#8220;{}&#8220;][\/et_pb_image][\/et_pb_column][\/et_pb_row][et_pb_row column_structure=&#8220;1_4,1_4,1_4,1_4&#8243; _builder_version=&#8220;4.21.0&#8243; _module_preset=&#8220;default&#8220; width=&#8220;100%&#8220; max_width=&#8220;85%&#8220; global_colors_info=&#8220;{}&#8220;][et_pb_column type=&#8220;1_4&#8243; _builder_version=&#8220;4.21.0&#8243; _module_preset=&#8220;default&#8220; global_colors_info=&#8220;{}&#8220;][et_pb_image src=&#8220;https:\/\/dobra-help.pl\/wp-content\/uploads\/2023\/05\/Zasob-1@2x-1-1.png&#8220; title_text=&#8220;Zas\u00f3b 1@2x 1 (1)&#8220; align=&#8220;right&#8220; align_tablet=&#8220;right&#8220; align_phone=&#8220;center&#8220; align_last_edited=&#8220;on|phone&#8220; _builder_version=&#8220;4.21.0&#8243; _module_preset=&#8220;default&#8220; width=&#8220;45%&#8220; global_colors_info=&#8220;{}&#8220;][\/et_pb_image][\/et_pb_column][et_pb_column type=&#8220;1_4&#8243; _builder_version=&#8220;4.21.0&#8243; _module_preset=&#8220;default&#8220; global_colors_info=&#8220;{}&#8220;][et_pb_text module_class=&#8220;skontaktujsie_mail&#8220; _builder_version=&#8220;4.21.0&#8243; _module_preset=&#8220;default&#8220; text_font=&#8220;Raleway||||||||&#8220; text_text_color=&#8220;gcid-304da569-a3b7-4b7f-b0d0-c1d071f872eb&#8220; text_font_size=&#8220;20px&#8220; link_font=&#8220;Raleway||||||||&#8220; link_text_color=&#8220;gcid-304da569-a3b7-4b7f-b0d0-c1d071f872eb&#8220; link_font_size=&#8220;20px&#8220; custom_margin=&#8220;16px|||||&#8220; global_colors_info=&#8220;{%22gcid-304da569-a3b7-4b7f-b0d0-c1d071f872eb%22:%91%22text_text_color%22,%22link_text_color%22%93}&#8220;]<\/p>\n<p>Telefon: <a href=\"tel:+48514746777\"><strong>+48 514 746 777<\/strong><\/a><\/p>\n<p>[\/et_pb_text][et_pb_text module_class=&#8220;skontaktujsie_mail&#8220; _builder_version=&#8220;4.21.0&#8243; _module_preset=&#8220;default&#8220; text_font=&#8220;Raleway||||||||&#8220; text_text_color=&#8220;gcid-304da569-a3b7-4b7f-b0d0-c1d071f872eb&#8220; text_font_size=&#8220;20px&#8220; link_font=&#8220;Raleway||||||||&#8220; link_text_color=&#8220;gcid-304da569-a3b7-4b7f-b0d0-c1d071f872eb&#8220; link_font_size=&#8220;20px&#8220; custom_margin=&#8220;-30px||||false|false&#8220; global_colors_info=&#8220;{%22gcid-304da569-a3b7-4b7f-b0d0-c1d071f872eb%22:%91%22text_text_color%22,%22link_text_color%22%93}&#8220;]<\/p>\n<p>E-Mail: <a href=\"mailto:biuro@dobra-help.pl\">biuro@dobra-help.pl<\/a><\/p>\n<p>[\/et_pb_text][et_pb_text module_class=&#8220;skontaktujsie_mail&#8220; _builder_version=&#8220;4.21.0&#8243; _module_preset=&#8220;default&#8220; text_font=&#8220;Raleway||||||||&#8220; text_text_color=&#8220;gcid-304da569-a3b7-4b7f-b0d0-c1d071f872eb&#8220; text_font_size=&#8220;20px&#8220; link_font=&#8220;Raleway||||||||&#8220; link_text_color=&#8220;gcid-304da569-a3b7-4b7f-b0d0-c1d071f872eb&#8220; link_font_size=&#8220;20px&#8220; custom_margin=&#8220;-30px|||70px|false|false&#8220; global_colors_info=&#8220;{%22gcid-304da569-a3b7-4b7f-b0d0-c1d071f872eb%22:%91%22text_text_color%22,%22link_text_color%22%93}&#8220;]<\/p>\n<p><a href=\"mailto:g.kuszewska@dobra-help.pl\">g.kuszewska@dobra-help.pl<\/a><\/p>\n<p>[\/et_pb_text][et_pb_text module_class=&#8220;skontaktujsie_mail&#8220; _builder_version=&#8220;4.21.0&#8243; _module_preset=&#8220;default&#8220; text_font=&#8220;Raleway|700|||||||&#8220; text_text_color=&#8220;gcid-1a3ea877-b13b-466f-a922-1ecbc4c2c36e&#8220; global_colors_info=&#8220;{%22gcid-1a3ea877-b13b-466f-a922-1ecbc4c2c36e%22:%91%22text_text_color%22%93}&#8220;]<\/p>\n<p>Mit freundlichen Gr\u00fc\u00dfen, Das Dobra-Help-Team<\/p>\n<p>[\/et_pb_text][\/et_pb_column][et_pb_column type=&#8220;1_4&#8243; disabled_on=&#8220;on|off|off&#8220; _builder_version=&#8220;4.21.0&#8243; _module_preset=&#8220;default&#8220; global_colors_info=&#8220;{}&#8220;][\/et_pb_column][et_pb_column type=&#8220;1_4&#8243; disabled_on=&#8220;on|off|off&#8220; _builder_version=&#8220;4.21.0&#8243; _module_preset=&#8220;default&#8220; global_colors_info=&#8220;{}&#8220;][\/et_pb_column][\/et_pb_row][\/et_pb_section][et_pb_section fb_built=&#8220;1&#8243; specialty=&#8220;on&#8220; _builder_version=&#8220;4.21.0&#8243; _module_preset=&#8220;default&#8220; width=&#8220;100%&#8220; max_width=&#8220;100%&#8220; inner_max_width=&#8220;100%&#8220; global_colors_info=&#8220;{}&#8220;][et_pb_column type=&#8220;1_2&#8243; _builder_version=&#8220;4.16&#8243; custom_padding=&#8220;|||&#8220; global_colors_info=&#8220;{}&#8220; custom_padding__hover=&#8220;|||&#8220;][et_pb_image src=&#8220;https:\/\/dobra-help.pl\/wp-content\/uploads\/2023\/05\/foto-kontakt2.jpg&#8220; title_text=&#8220;foto kontakt2&#8243; force_fullwidth=&#8220;on&#8220; _builder_version=&#8220;4.21.0&#8243; _module_preset=&#8220;default&#8220; global_colors_info=&#8220;{}&#8220;][\/et_pb_image][\/et_pb_column][et_pb_column type=&#8220;1_2&#8243; specialty_columns=&#8220;2&#8243; _builder_version=&#8220;4.16&#8243; custom_padding=&#8220;|||&#8220; global_colors_info=&#8220;{}&#8220; custom_padding__hover=&#8220;|||&#8220;][et_pb_row_inner module_class=&#8220;skontatkuj_sie_title&#8220; _builder_version=&#8220;4.21.0&#8243; _module_preset=&#8220;default&#8220; custom_margin_tablet=&#8220;0px||||false|false&#8220; custom_margin_phone=&#8220;0px||||false|false&#8220; custom_margin_last_edited=&#8220;on|phone&#8220; global_colors_info=&#8220;{}&#8220;][et_pb_column_inner saved_specialty_column_type=&#8220;1_2&#8243; _builder_version=&#8220;4.21.0&#8243; _module_preset=&#8220;default&#8220; global_colors_info=&#8220;{}&#8220;][et_pb_text _builder_version=&#8220;4.21.0&#8243; _module_preset=&#8220;default&#8220; header_font=&#8220;Raleway|800|||||||&#8220; header_2_font=&#8220;Raleway|700|||||||&#8220; header_2_text_align=&#8220;left&#8220; header_2_text_color=&#8220;gcid-304da569-a3b7-4b7f-b0d0-c1d071f872eb&#8220; header_2_font_size=&#8220;40px&#8220; header_2_line_height=&#8220;60px&#8220; header_2_font_size_tablet=&#8220;40px&#8220; header_2_font_size_phone=&#8220;31px&#8220; header_2_font_size_last_edited=&#8220;on|phone&#8220; global_colors_info=&#8220;{%22gcid-304da569-a3b7-4b7f-b0d0-c1d071f872eb%22:%91%22header_2_text_color%22%93}&#8220;]<\/p>\n<h2>Nehmen Sie Kontakt mit uns auf<\/h2>\n<p>[\/et_pb_text][\/et_pb_column_inner][\/et_pb_row_inner][et_pb_row_inner column_structure=&#8220;1_2,1_2&#8243; _builder_version=&#8220;4.21.0&#8243; _module_preset=&#8220;default&#8220; width=&#8220;85%&#8220; max_width=&#8220;90%&#8220; global_colors_info=&#8220;{}&#8220;][et_pb_column_inner type=&#8220;1_2&#8243; saved_specialty_column_type=&#8220;1_2&#8243; _builder_version=&#8220;4.21.0&#8243; _module_preset=&#8220;default&#8220; global_colors_info=&#8220;{}&#8220;][et_pb_text _builder_version=&#8220;4.21.0&#8243; _module_preset=&#8220;default&#8220; text_font=&#8220;Raleway||||||||&#8220; text_text_color=&#8220;gcid-304da569-a3b7-4b7f-b0d0-c1d071f872eb&#8220; text_font_size=&#8220;20px&#8220; text_line_height=&#8220;22px&#8220; global_colors_info=&#8220;{%22gcid-304da569-a3b7-4b7f-b0d0-c1d071f872eb%22:%91%22text_text_color%22%93}&#8220;]<\/p>\n<p>Telefonisch:<\/p>\n<p>[\/et_pb_text][et_pb_text module_class=&#8220;green_gradient skontaktujsie_tel&#8220; _builder_version=&#8220;4.21.0&#8243; _module_preset=&#8220;default&#8220; text_font=&#8220;Raleway||||||||&#8220; text_text_color=&#8220;gcid-304da569-a3b7-4b7f-b0d0-c1d071f872eb&#8220; text_font_size=&#8220;20px&#8220; text_line_height=&#8220;22px&#8220; link_font=&#8220;Raleway||||||||&#8220; link_text_color=&#8220;gcid-304da569-a3b7-4b7f-b0d0-c1d071f872eb&#8220; link_font_size=&#8220;20px&#8220; global_colors_info=&#8220;{%22gcid-304da569-a3b7-4b7f-b0d0-c1d071f872eb%22:%91%22text_text_color%22,%22link_text_color%22%93}&#8220;]<\/p>\n<p><a href=\"tel:+48514746777\" target=\"_blank\" rel=\"noopener\">514 746 777<\/a><\/p>\n<p>[\/et_pb_text][\/et_pb_column_inner][et_pb_column_inner type=&#8220;1_2&#8243; saved_specialty_column_type=&#8220;1_2&#8243; _builder_version=&#8220;4.21.0&#8243; _module_preset=&#8220;default&#8220; custom_padding=&#8220;||||false|false&#8220; global_colors_info=&#8220;{}&#8220;][et_pb_text _builder_version=&#8220;4.21.0&#8243; _module_preset=&#8220;default&#8220; text_font=&#8220;Raleway||||||||&#8220; text_text_color=&#8220;gcid-304da569-a3b7-4b7f-b0d0-c1d071f872eb&#8220; text_font_size=&#8220;20px&#8220; text_line_height=&#8220;22px&#8220; custom_margin=&#8220;|||0px|false|false&#8220; global_colors_info=&#8220;{%22gcid-304da569-a3b7-4b7f-b0d0-c1d071f872eb%22:%91%22text_text_color%22%93}&#8220;]<\/p>\n<p>Per E-Mail:<\/p>\n<p>[\/et_pb_text][et_pb_text module_class=&#8220;green_gradient skontaktujsie_mail&#8220; _builder_version=&#8220;4.21.0&#8243; _module_preset=&#8220;default&#8220; text_font=&#8220;Raleway||||||||&#8220; text_text_color=&#8220;gcid-304da569-a3b7-4b7f-b0d0-c1d071f872eb&#8220; text_font_size=&#8220;20px&#8220; text_line_height=&#8220;22px&#8220; link_font=&#8220;Raleway||||on||||&#8220; link_text_color=&#8220;gcid-304da569-a3b7-4b7f-b0d0-c1d071f872eb&#8220; link_font_size=&#8220;20px&#8220; locked=&#8220;off&#8220; global_colors_info=&#8220;{%22gcid-304da569-a3b7-4b7f-b0d0-c1d071f872eb%22:%91%22text_text_color%22,%22link_text_color%22%93}&#8220;]<\/p>\n<p><a href=\"mailto:biuro@dobra-help.pl\">biuro@dobra-help.pl<\/a><\/p>\n<p>[\/et_pb_text][et_pb_text module_class=&#8220;green_gradient skontaktujsie_mail&#8220; _builder_version=&#8220;4.21.0&#8243; _module_preset=&#8220;default&#8220; text_font=&#8220;Raleway||||||||&#8220; text_text_color=&#8220;gcid-304da569-a3b7-4b7f-b0d0-c1d071f872eb&#8220; text_font_size=&#8220;20px&#8220; text_line_height=&#8220;22px&#8220; link_font=&#8220;Raleway||||on||||&#8220; link_text_color=&#8220;gcid-304da569-a3b7-4b7f-b0d0-c1d071f872eb&#8220; link_font_size=&#8220;20px&#8220; locked=&#8220;off&#8220; global_colors_info=&#8220;{%22gcid-304da569-a3b7-4b7f-b0d0-c1d071f872eb%22:%91%22text_text_color%22,%22link_text_color%22%93}&#8220;]<\/p>\n<p><a href=\"mailto:g.kuszewska@dobra-help.pl\" target=\"_blank\" rel=\"noopener\">g.kuszewska@dobra-help.pl<\/a><\/p>\n<p>[\/et_pb_text][\/et_pb_column_inner][\/et_pb_row_inner][\/et_pb_column][\/et_pb_section][et_pb_section fb_built=&#8220;1&#8243; _builder_version=&#8220;4.21.0&#8243; _module_preset=&#8220;default&#8220; background_color=&#8220;#f6f6f6&#8243; hover_enabled=&#8220;0&#8243; global_colors_info=&#8220;{}&#8220; disabled_on=&#8220;on|on|on&#8220; disabled=&#8220;on&#8220; sticky_enabled=&#8220;0&#8243;][et_pb_row _builder_version=&#8220;4.21.0&#8243; _module_preset=&#8220;default&#8220; global_colors_info=&#8220;{}&#8220;][et_pb_column type=&#8220;4_4&#8243; _builder_version=&#8220;4.21.0&#8243; _module_preset=&#8220;default&#8220; global_colors_info=&#8220;{}&#8220;][et_pb_text _builder_version=&#8220;4.21.0&#8243; _module_preset=&#8220;default&#8220; header_font=&#8220;Raleway|800|||||||&#8220; header_2_font=&#8220;Raleway|700|||||||&#8220; header_2_text_align=&#8220;center&#8220; header_2_text_color=&#8220;gcid-304da569-a3b7-4b7f-b0d0-c1d071f872eb&#8220; header_2_font_size=&#8220;40px&#8220; header_2_line_height=&#8220;60px&#8220; header_2_font_size_tablet=&#8220;40px&#8220; header_2_font_size_phone=&#8220;31px&#8220; header_2_font_size_last_edited=&#8220;on|phone&#8220; global_colors_info=&#8220;{%22gcid-304da569-a3b7-4b7f-b0d0-c1d071f872eb%22:%91%22header_2_text_color%22%93}&#8220;]<\/p>\n<h2>Gesch\u00e4ftspartner<\/h2>\n<p>[\/et_pb_text][\/et_pb_column][\/et_pb_row][\/et_pb_section]<\/p>\n","protected":false},"excerpt":{"rendered":"<p>ZusammenarbeitVielen Dank f\u00fcr Ihr Interesse an der Zusammenarbeit mit unsVielen Dank f\u00fcr Ihr Interesse an den Dienstleistungen des Dobra-Help-Teams. Wir sind bereit, uns an Ihre individuellen Bed\u00fcrfnisse anzupassen und Unterst\u00fctzung bei den t\u00e4glichen Aufgaben anzubieten, die Sie nicht mehr selbstst\u00e4ndig erledigen k\u00f6nnen. Unsere qualifizierten Betreuungskr\u00e4fte sind fest angestellt und verf\u00fcgen \u00fcber eine legale Sozialversicherung. Wir [&hellip;]<\/p>\n","protected":false},"author":1,"featured_media":0,"parent":0,"menu_order":0,"comment_status":"closed","ping_status":"closed","template":"","meta":{"_et_pb_use_builder":"on","_et_pb_old_content":"","_et_gb_content_width":"","footnotes":""},"class_list":["post-285","page","type-page","status-publish","hentry"],"yoast_head":"<!-- This site is optimized with the Yoast SEO plugin v20.9 - https:\/\/yoast.com\/wordpress\/plugins\/seo\/ -->\n<title>Zusammenarbeit - dobra-help<\/title>\n<meta name=\"robots\" content=\"index, follow, max-snippet:-1, max-image-preview:large, max-video-preview:-1\" \/>\n<link rel=\"canonical\" href=\"https:\/\/dobra-help.pl\/\" \/>\n<meta property=\"og:locale\" content=\"de_DE\" \/>\n<meta property=\"og:type\" content=\"article\" \/>\n<meta property=\"og:title\" content=\"Zusammenarbeit - dobra-help\" \/>\n<meta property=\"og:description\" content=\"ZusammenarbeitVielen Dank f\u00fcr Ihr Interesse an der Zusammenarbeit mit unsVielen Dank f\u00fcr Ihr Interesse an den Dienstleistungen des Dobra-Help-Teams. Wir sind bereit, uns an Ihre individuellen Bed\u00fcrfnisse anzupassen und Unterst\u00fctzung bei den t\u00e4glichen Aufgaben anzubieten, die Sie nicht mehr selbstst\u00e4ndig erledigen k\u00f6nnen. Unsere qualifizierten Betreuungskr\u00e4fte sind fest angestellt und verf\u00fcgen \u00fcber eine legale Sozialversicherung. Wir [&hellip;]\" \/>\n<meta property=\"og:url\" content=\"https:\/\/dobra-help.pl\/\" \/>\n<meta property=\"og:site_name\" content=\"dobra-help\" \/>\n<meta property=\"article:modified_time\" content=\"2023-06-27T12:59:22+00:00\" \/>\n<meta name=\"twitter:card\" content=\"summary_large_image\" \/>\n<meta name=\"twitter:label1\" content=\"Gesch\u00e4tzte Lesezeit\" \/>\n\t<meta name=\"twitter:data1\" content=\"11\u00a0Minuten\" \/>\n<script type=\"application\/ld+json\" class=\"yoast-schema-graph\">{\"@context\":\"https:\/\/schema.org\",\"@graph\":[{\"@type\":\"WebPage\",\"@id\":\"https:\/\/dobra-help.pl\/\",\"url\":\"https:\/\/dobra-help.pl\/\",\"name\":\"Zusammenarbeit - dobra-help\",\"isPartOf\":{\"@id\":\"https:\/\/dobra-help.pl\/#website\"},\"datePublished\":\"2023-05-31T18:18:29+00:00\",\"dateModified\":\"2023-06-27T12:59:22+00:00\",\"breadcrumb\":{\"@id\":\"https:\/\/dobra-help.pl\/#breadcrumb\"},\"inLanguage\":\"de\",\"potentialAction\":[{\"@type\":\"ReadAction\",\"target\":[\"https:\/\/dobra-help.pl\/\"]}]},{\"@type\":\"BreadcrumbList\",\"@id\":\"https:\/\/dobra-help.pl\/#breadcrumb\",\"itemListElement\":[{\"@type\":\"ListItem\",\"position\":1,\"name\":\"Strona g\u0142\u00f3wna\",\"item\":\"https:\/\/dobra-help.pl\/\"},{\"@type\":\"ListItem\",\"position\":2,\"name\":\"Zusammenarbeit\"}]},{\"@type\":\"WebSite\",\"@id\":\"https:\/\/dobra-help.pl\/#website\",\"url\":\"https:\/\/dobra-help.pl\/\",\"name\":\"dobra-help\",\"description\":\"\",\"publisher\":{\"@id\":\"https:\/\/dobra-help.pl\/#organization\"},\"potentialAction\":[{\"@type\":\"SearchAction\",\"target\":{\"@type\":\"EntryPoint\",\"urlTemplate\":\"https:\/\/dobra-help.pl\/?s={search_term_string}\"},\"query-input\":\"required name=search_term_string\"}],\"inLanguage\":\"de\"},{\"@type\":\"Organization\",\"@id\":\"https:\/\/dobra-help.pl\/#organization\",\"name\":\"dobra-help\",\"url\":\"https:\/\/dobra-help.pl\/\",\"logo\":{\"@type\":\"ImageObject\",\"inLanguage\":\"de\",\"@id\":\"https:\/\/dobra-help.pl\/#\/schema\/logo\/image\/\",\"url\":\"https:\/\/dobra-help.pl\/wp-content\/uploads\/2023\/05\/Zasob-1@2x-2.png\",\"contentUrl\":\"https:\/\/dobra-help.pl\/wp-content\/uploads\/2023\/05\/Zasob-1@2x-2.png\",\"width\":690,\"height\":705,\"caption\":\"dobra-help\"},\"image\":{\"@id\":\"https:\/\/dobra-help.pl\/#\/schema\/logo\/image\/\"}}]}<\/script>\n<!-- \/ Yoast SEO plugin. -->","yoast_head_json":{"title":"Zusammenarbeit - dobra-help","robots":{"index":"index","follow":"follow","max-snippet":"max-snippet:-1","max-image-preview":"max-image-preview:large","max-video-preview":"max-video-preview:-1"},"canonical":"https:\/\/dobra-help.pl\/","og_locale":"de_DE","og_type":"article","og_title":"Zusammenarbeit - dobra-help","og_description":"ZusammenarbeitVielen Dank f\u00fcr Ihr Interesse an der Zusammenarbeit mit unsVielen Dank f\u00fcr Ihr Interesse an den Dienstleistungen des Dobra-Help-Teams. Wir sind bereit, uns an Ihre individuellen Bed\u00fcrfnisse anzupassen und Unterst\u00fctzung bei den t\u00e4glichen Aufgaben anzubieten, die Sie nicht mehr selbstst\u00e4ndig erledigen k\u00f6nnen. Unsere qualifizierten Betreuungskr\u00e4fte sind fest angestellt und verf\u00fcgen \u00fcber eine legale Sozialversicherung. Wir [&hellip;]","og_url":"https:\/\/dobra-help.pl\/","og_site_name":"dobra-help","article_modified_time":"2023-06-27T12:59:22+00:00","twitter_card":"summary_large_image","twitter_misc":{"Gesch\u00e4tzte Lesezeit":"11\u00a0Minuten"},"schema":{"@context":"https:\/\/schema.org","@graph":[{"@type":"WebPage","@id":"https:\/\/dobra-help.pl\/","url":"https:\/\/dobra-help.pl\/","name":"Zusammenarbeit - dobra-help","isPartOf":{"@id":"https:\/\/dobra-help.pl\/#website"},"datePublished":"2023-05-31T18:18:29+00:00","dateModified":"2023-06-27T12:59:22+00:00","breadcrumb":{"@id":"https:\/\/dobra-help.pl\/#breadcrumb"},"inLanguage":"de","potentialAction":[{"@type":"ReadAction","target":["https:\/\/dobra-help.pl\/"]}]},{"@type":"BreadcrumbList","@id":"https:\/\/dobra-help.pl\/#breadcrumb","itemListElement":[{"@type":"ListItem","position":1,"name":"Strona g\u0142\u00f3wna","item":"https:\/\/dobra-help.pl\/"},{"@type":"ListItem","position":2,"name":"Zusammenarbeit"}]},{"@type":"WebSite","@id":"https:\/\/dobra-help.pl\/#website","url":"https:\/\/dobra-help.pl\/","name":"dobra-help","description":"","publisher":{"@id":"https:\/\/dobra-help.pl\/#organization"},"potentialAction":[{"@type":"SearchAction","target":{"@type":"EntryPoint","urlTemplate":"https:\/\/dobra-help.pl\/?s={search_term_string}"},"query-input":"required name=search_term_string"}],"inLanguage":"de"},{"@type":"Organization","@id":"https:\/\/dobra-help.pl\/#organization","name":"dobra-help","url":"https:\/\/dobra-help.pl\/","logo":{"@type":"ImageObject","inLanguage":"de","@id":"https:\/\/dobra-help.pl\/#\/schema\/logo\/image\/","url":"https:\/\/dobra-help.pl\/wp-content\/uploads\/2023\/05\/Zasob-1@2x-2.png","contentUrl":"https:\/\/dobra-help.pl\/wp-content\/uploads\/2023\/05\/Zasob-1@2x-2.png","width":690,"height":705,"caption":"dobra-help"},"image":{"@id":"https:\/\/dobra-help.pl\/#\/schema\/logo\/image\/"}}]}},"_links":{"self":[{"href":"https:\/\/dobra-help.pl\/de\/wp-json\/wp\/v2\/pages\/285","targetHints":{"allow":["GET"]}}],"collection":[{"href":"https:\/\/dobra-help.pl\/de\/wp-json\/wp\/v2\/pages"}],"about":[{"href":"https:\/\/dobra-help.pl\/de\/wp-json\/wp\/v2\/types\/page"}],"author":[{"embeddable":true,"href":"https:\/\/dobra-help.pl\/de\/wp-json\/wp\/v2\/users\/1"}],"replies":[{"embeddable":true,"href":"https:\/\/dobra-help.pl\/de\/wp-json\/wp\/v2\/comments?post=285"}],"version-history":[{"count":15,"href":"https:\/\/dobra-help.pl\/de\/wp-json\/wp\/v2\/pages\/285\/revisions"}],"predecessor-version":[{"id":955,"href":"https:\/\/dobra-help.pl\/de\/wp-json\/wp\/v2\/pages\/285\/revisions\/955"}],"wp:attachment":[{"href":"https:\/\/dobra-help.pl\/de\/wp-json\/wp\/v2\/media?parent=285"}],"curies":[{"name":"wp","href":"https:\/\/api.w.org\/{rel}","templated":true}]}}